{"id":9009,"date":"2024-03-11T11:05:01","date_gmt":"2024-03-11T18:05:01","guid":{"rendered":"https:\/\/bustamantefabara.com\/en\/?page_id=9009"},"modified":"2025-05-15T15:38:04","modified_gmt":"2025-05-15T20:38:04","slug":"maria-jose-ramirez","status":"publish","type":"page","link":"https:\/\/bustamantefabara.com\/en\/our-team\/maria-jose-ramirez\/","title":{"rendered":"Mar\u00eda Jos\u00e9 Ram\u00edrez"},"content":{"rendered":"\t\t<div data-elementor-type=\"wp-page\" data-elementor-id=\"9009\" class=\"elementor elementor-9009\" data-elementor-post-type=\"page\">\n\t\t\t\t<div class=\"elementor-element elementor-element-e3433dd e-flex e-con-boxed e-con e-parent\" data-id=\"e3433dd\" data-element_type=\"container\" data-e-type=\"container\">\n\t\t\t\t\t<div class=\"e-con-inner\">\n\t\t<div class=\"elementor-element elementor-element-f1f5b98 e-con-full e-flex e-con e-child\" data-id=\"f1f5b98\" data-element_type=\"container\" data-e-type=\"container\">\n\t\t\t\t<div class=\"elementor-element elementor-element-8bd78e3 elementor-widget elementor-widget-image\" data-id=\"8bd78e3\" data-element_type=\"widget\" data-e-type=\"widget\" data-widget_type=\"image.default\">\n\t\t\t\t<div class=\"elementor-widget-container\">\n\t\t\t\t\t\t\t\t\t\t\t\t\t\t\t<img fetchpriority=\"high\" decoding=\"async\" width=\"500\" height=\"500\" src=\"https:\/\/bustamantefabara.com\/en\/wp-content\/uploads\/2024\/01\/AB-MARIA-JOSE-RAMIREZ-2.jpg\" class=\"attachment-large size-large wp-image-3282\" alt=\"\" srcset=\"https:\/\/bustamantefabara.com\/en\/wp-content\/uploads\/2024\/01\/AB-MARIA-JOSE-RAMIREZ-2.jpg 500w, https:\/\/bustamantefabara.com\/en\/wp-content\/uploads\/2024\/01\/AB-MARIA-JOSE-RAMIREZ-2-300x300.jpg 300w, https:\/\/bustamantefabara.com\/en\/wp-content\/uploads\/2024\/01\/AB-MARIA-JOSE-RAMIREZ-2-150x150.jpg 150w\" sizes=\"(max-width: 500px) 100vw, 500px\" \/>\t\t\t\t\t\t\t\t\t\t\t\t\t\t\t<\/div>\n\t\t\t\t<\/div>\n\t\t\t\t<div class=\"elementor-element elementor-element-637bdf9 elementor-widget elementor-widget-heading\" data-id=\"637bdf9\" data-element_type=\"widget\" data-e-type=\"widget\" data-widget_type=\"heading.default\">\n\t\t\t\t<div class=\"elementor-widget-container\">\n\t\t\t\t\t<h2 class=\"elementor-heading-title elementor-size-default\">Mar\u00eda Jos\u00e9<\/h2>\t\t\t\t<\/div>\n\t\t\t\t<\/div>\n\t\t\t\t<div class=\"elementor-element elementor-element-2ad759e elementor-widget elementor-widget-heading\" data-id=\"2ad759e\" data-element_type=\"widget\" data-e-type=\"widget\" data-widget_type=\"heading.default\">\n\t\t\t\t<div class=\"elementor-widget-container\">\n\t\t\t\t\t<h2 class=\"elementor-heading-title elementor-size-default\">Ram\u00edrez<\/h2>\t\t\t\t<\/div>\n\t\t\t\t<\/div>\n\t\t\t\t<div class=\"elementor-element elementor-element-f77b4bb elementor-widget elementor-widget-heading\" data-id=\"f77b4bb\" data-element_type=\"widget\" data-e-type=\"widget\" data-widget_type=\"heading.default\">\n\t\t\t\t<div class=\"elementor-widget-container\">\n\t\t\t\t\t<h2 class=\"elementor-heading-title elementor-size-default\">ASSOCIATE<\/h2>\t\t\t\t<\/div>\n\t\t\t\t<\/div>\n\t\t\t\t<div class=\"elementor-element elementor-element-a850a78 elementor-shape-circle elementor-grid-0 e-grid-align-center elementor-widget elementor-widget-social-icons\" data-id=\"a850a78\" data-element_type=\"widget\" data-e-type=\"widget\" data-widget_type=\"social-icons.default\">\n\t\t\t\t<div class=\"elementor-widget-container\">\n\t\t\t\t\t\t\t<div class=\"elementor-social-icons-wrapper elementor-grid\" role=\"list\">\n\t\t\t\t\t\t\t<span class=\"elementor-grid-item\" role=\"listitem\">\n\t\t\t\t\t<a class=\"elementor-icon elementor-social-icon elementor-social-icon-linkedin elementor-repeater-item-6618b1e\" href=\"https:\/\/www.linkedin.com\/in\/mar\u00eda-jos\u00e9-ram\u00edrez-4a674416b\/\" target=\"_blank\">\n\t\t\t\t\t\t<span class=\"elementor-screen-only\">Linkedin<\/span>\n\t\t\t\t\t\t<svg aria-hidden=\"true\" class=\"e-font-icon-svg e-fab-linkedin\" viewBox=\"0 0 448 512\" xmlns=\"http:\/\/www.w3.org\/2000\/svg\"><path d=\"M416 32H31.9C14.3 32 0 46.5 0 64.3v383.4C0 465.5 14.3 480 31.9 480H416c17.6 0 32-14.5 32-32.3V64.3c0-17.8-14.4-32.3-32-32.3zM135.4 416H69V202.2h66.5V416zm-33.2-243c-21.3 0-38.5-17.3-38.5-38.5S80.9 96 102.2 96c21.2 0 38.5 17.3 38.5 38.5 0 21.3-17.2 38.5-38.5 38.5zm282.1 243h-66.4V312c0-24.8-.5-56.7-34.5-56.7-34.6 0-39.9 27-39.9 54.9V416h-66.4V202.2h63.7v29.2h.9c8.9-16.8 30.6-34.5 62.9-34.5 67.2 0 79.7 44.3 79.7 101.9V416z\"><\/path><\/svg>\t\t\t\t\t<\/a>\n\t\t\t\t<\/span>\n\t\t\t\t\t\t\t<span class=\"elementor-grid-item\" role=\"listitem\">\n\t\t\t\t\t<a class=\"elementor-icon elementor-social-icon elementor-social-icon-envelope elementor-repeater-item-fa088a6\" href=\"mailto:mramirez@bustamantefabara.com\" target=\"_blank\">\n\t\t\t\t\t\t<span class=\"elementor-screen-only\">Envelope<\/span>\n\t\t\t\t\t\t<svg aria-hidden=\"true\" class=\"e-font-icon-svg e-fas-envelope\" viewBox=\"0 0 512 512\" xmlns=\"http:\/\/www.w3.org\/2000\/svg\"><path d=\"M502.3 190.8c3.9-3.1 9.7-.2 9.7 4.7V400c0 26.5-21.5 48-48 48H48c-26.5 0-48-21.5-48-48V195.6c0-5 5.7-7.8 9.7-4.7 22.4 17.4 52.1 39.5 154.1 113.6 21.1 15.4 56.7 47.8 92.2 47.6 35.7.3 72-32.8 92.3-47.6 102-74.1 131.6-96.3 154-113.7zM256 320c23.2.4 56.6-29.2 73.4-41.4 132.7-96.3 142.8-104.7 173.4-128.7 5.8-4.5 9.2-11.5 9.2-18.9v-19c0-26.5-21.5-48-48-48H48C21.5 64 0 85.5 0 112v19c0 7.4 3.4 14.3 9.2 18.9 30.6 23.9 40.7 32.4 173.4 128.7 16.8 12.2 50.2 41.8 73.4 41.4z\"><\/path><\/svg>\t\t\t\t\t<\/a>\n\t\t\t\t<\/span>\n\t\t\t\t\t\t\t<span class=\"elementor-grid-item\" role=\"listitem\">\n\t\t\t\t\t<a class=\"elementor-icon elementor-social-icon elementor-social-icon-hm-pdf1 elementor-repeater-item-b4feb34\" href=\"https:\/\/bustamantefabara.com\/en\/wp-content\/uploads\/2025\/05\/Maria-Jose-Ramirez-Saenz-in.pdf\" target=\"_blank\">\n\t\t\t\t\t\t<span class=\"elementor-screen-only\">Hm-pdf1<\/span>\n\t\t\t\t\t\t<i aria-hidden=\"true\" class=\"hm hm-pdf1\"><\/i>\t\t\t\t\t<\/a>\n\t\t\t\t<\/span>\n\t\t\t\t\t<\/div>\n\t\t\t\t\t\t<\/div>\n\t\t\t\t<\/div>\n\t\t\t\t<\/div>\n\t\t<div class=\"elementor-element elementor-element-c1441ba e-con-full e-flex e-con e-child\" data-id=\"c1441ba\" data-element_type=\"container\" data-e-type=\"container\">\n\t\t\t\t<div class=\"elementor-element elementor-element-b2f4188 elementor-widget elementor-widget-text-editor\" data-id=\"b2f4188\" data-element_type=\"widget\" data-e-type=\"widget\" data-widget_type=\"text-editor.default\">\n\t\t\t\t<div class=\"elementor-widget-container\">\n\t\t\t\t\t\t\t\t\t<p><strong>Practice Areas:<\/strong> <a href=\"https:\/\/bustamantefabara.com\/en\/?page_id=2820\">Corporate<\/a>, <a href=\"https:\/\/bustamantefabara.com\/en\/?page_id=3405\">Real Estate<\/a><\/p>\t\t\t\t\t\t\t\t<\/div>\n\t\t\t\t<\/div>\n\t\t\t\t<div class=\"elementor-element elementor-element-9e5575f elementor-widget elementor-widget-text-editor\" data-id=\"9e5575f\" data-element_type=\"widget\" data-e-type=\"widget\" data-widget_type=\"text-editor.default\">\n\t\t\t\t<div class=\"elementor-widget-container\">\n\t\t\t\t\t\t\t\t\t<p>Mar\u00eda Jos\u00e9 is specialized in corporate and real estate law. Her years of experience in managing and advising companies and real estate transactions, has proven to have exceptional skills in providing legal advice to leading companies in Ecuador and has also been in-house counsel for important corporate groups.<\/p><p>From 2018 to 2022, Mar\u00eda Jos\u00e9 had an outstanding experience working for international and national law firms, as well as one of the world&#8217;s leading advisory and consulting organizations.<\/p><p>Mar\u00eda Jos\u00e9 is a Corporate and Real Estate lawyer who recently joined BUSTAMENTE FABARA in May 2023 as an Intermediate Associate. Before joining BUSTAMENTE FABARA, she was a Senior Associate at Deloitte Legal, and previously worked in the Corporate area at Robalino Abogados and Ferrere.<\/p>\t\t\t\t\t\t\t\t<\/div>\n\t\t\t\t<\/div>\n\t\t\t\t<div class=\"elementor-element elementor-element-b3ab2f6 elementor-widget elementor-widget-toggle\" data-id=\"b3ab2f6\" data-element_type=\"widget\" data-e-type=\"widget\" data-widget_type=\"toggle.default\">\n\t\t\t\t<div class=\"elementor-widget-container\">\n\t\t\t\t\t\t\t<div class=\"elementor-toggle\">\n\t\t\t\t\t\t\t<div class=\"elementor-toggle-item\">\n\t\t\t\t\t<div id=\"elementor-tab-title-1881\" class=\"elementor-tab-title\" data-tab=\"1\" role=\"button\" aria-controls=\"elementor-tab-content-1881\" aria-expanded=\"false\">\n\t\t\t\t\t\t\t\t\t\t\t\t<span class=\"elementor-toggle-icon elementor-toggle-icon-left\" aria-hidden=\"true\">\n\t\t\t\t\t\t\t\t\t\t\t\t\t\t\t<span class=\"elementor-toggle-icon-closed\"><svg xmlns=\"http:\/\/www.w3.org\/2000\/svg\" width=\"41\" height=\"32\" viewBox=\"0 0 41 32\" fill=\"none\"><path d=\"M21.85 22.03L35.27 18.61L35.48 18.56C36.42 18.32 37.08 17.47 37.08 16.5V8.74C37.08 7.92 36.41 7.25 35.59 7.25H2.49C1.67 7.25 1 7.92 1 8.74V16.5C1 17.47 1.66 18.32 2.6 18.56L2.89 18.63L16.23 22.02\" stroke=\"#E83F4B\" stroke-linecap=\"round\" stroke-linejoin=\"round\"><\/path><path d=\"M2.88989 18.6299V29.7299C2.88989 30.6299 3.60989 31.3499 4.50989 31.3499H27.7099\" stroke=\"#E83F4B\" stroke-linecap=\"round\" stroke-linejoin=\"round\"><\/path><path d=\"M35.27 22.3001V18.6101\" stroke=\"#E83F4B\" stroke-linecap=\"round\" stroke-linejoin=\"round\"><\/path><path d=\"M26.6699 7.25H11.4099V1.94C11.4099 1.42 11.8299 1 12.3499 1H25.7299C26.2499 1 26.6699 1.42 26.6699 1.94V7.25Z\" stroke=\"#E83F4B\" stroke-linecap=\"round\" stroke-linejoin=\"round\"><\/path><path d=\"M23.7899 7.25012H14.3999V4.81012C14.3999 4.29012 14.8199 3.87012 15.3399 3.87012H22.8499C23.3699 3.87012 23.7899 4.29012 23.7899 4.81012V7.25012Z\" stroke=\"#E83F4B\" stroke-linecap=\"round\" stroke-linejoin=\"round\"><\/path><path d=\"M20.96 18.73H17.13C16.6385 18.73 16.24 19.1284 16.24 19.62V24.98C16.24 25.4715 16.6385 25.87 17.13 25.87H20.96C21.4515 25.87 21.85 25.4715 21.85 24.98V19.62C21.85 19.1284 21.4515 18.73 20.96 18.73Z\" stroke=\"#E83F4B\" stroke-linecap=\"round\" stroke-linejoin=\"round\"><\/path><path d=\"M35.27 23.5898C35.27 27.2998 37.67 30.4498 41 31.5798H29.54C32.87 30.4498 35.27 27.2998 35.27 23.5898Z\" fill=\"#58595B\"><\/path><\/svg><\/span>\n\t\t\t\t\t\t\t\t<span class=\"elementor-toggle-icon-opened\"><svg xmlns=\"http:\/\/www.w3.org\/2000\/svg\" width=\"41\" height=\"32\" viewBox=\"0 0 41 32\" fill=\"none\"><path d=\"M21.85 22.03L35.27 18.61L35.48 18.56C36.42 18.32 37.08 17.47 37.08 16.5V8.74C37.08 7.92 36.41 7.25 35.59 7.25H2.49C1.67 7.25 1 7.92 1 8.74V16.5C1 17.47 1.66 18.32 2.6 18.56L2.89 18.63L16.23 22.02\" stroke=\"#E83F4B\" stroke-linecap=\"round\" stroke-linejoin=\"round\"><\/path><path d=\"M2.88989 18.6299V29.7299C2.88989 30.6299 3.60989 31.3499 4.50989 31.3499H27.7099\" stroke=\"#E83F4B\" stroke-linecap=\"round\" stroke-linejoin=\"round\"><\/path><path d=\"M35.27 22.3001V18.6101\" stroke=\"#E83F4B\" stroke-linecap=\"round\" stroke-linejoin=\"round\"><\/path><path d=\"M26.6699 7.25H11.4099V1.94C11.4099 1.42 11.8299 1 12.3499 1H25.7299C26.2499 1 26.6699 1.42 26.6699 1.94V7.25Z\" stroke=\"#E83F4B\" stroke-linecap=\"round\" stroke-linejoin=\"round\"><\/path><path d=\"M23.7899 7.25012H14.3999V4.81012C14.3999 4.29012 14.8199 3.87012 15.3399 3.87012H22.8499C23.3699 3.87012 23.7899 4.29012 23.7899 4.81012V7.25012Z\" stroke=\"#E83F4B\" stroke-linecap=\"round\" stroke-linejoin=\"round\"><\/path><path d=\"M20.96 18.73H17.13C16.6385 18.73 16.24 19.1284 16.24 19.62V24.98C16.24 25.4715 16.6385 25.87 17.13 25.87H20.96C21.4515 25.87 21.85 25.4715 21.85 24.98V19.62C21.85 19.1284 21.4515 18.73 20.96 18.73Z\" stroke=\"#E83F4B\" stroke-linecap=\"round\" stroke-linejoin=\"round\"><\/path><path d=\"M35.27 23.5898C35.27 27.2998 37.67 30.4498 41 31.5798H29.54C32.87 30.4498 35.27 27.2998 35.27 23.5898Z\" fill=\"#58595B\"><\/path><\/svg><\/span>\n\t\t\t\t\t\t\t\t\t\t\t\t\t<\/span>\n\t\t\t\t\t\t\t\t\t\t\t\t<a class=\"elementor-toggle-title\" tabindex=\"0\">Professional Experience<\/a>\n\t\t\t\t\t<\/div>\n\n\t\t\t\t\t<div id=\"elementor-tab-content-1881\" class=\"elementor-tab-content elementor-clearfix\" data-tab=\"1\" role=\"region\" aria-labelledby=\"elementor-tab-title-1881\"><ul><li>2023 &#8211; Present:<strong> Intermediate Associate<\/strong>, BUSTAMANTE FABARA.<\/li><li>2022 &#8211; 2023:<strong> Senior Associate, <\/strong>DELOITTE LEGAL.\u00a0<\/li><li>2020 &#8211; 2022:<strong> Associate, <\/strong>ROBALINO ABOGADOS.<\/li><li>2018 \/ 2020:<strong> Legal Assistant, <\/strong>FERRERE ABOGADOS.<\/li><li>2017 \/ 2018: <strong>Legal Assistant, <\/strong>Superintendencia de Compa\u00f1\u00edas, Valores y Seguros.<\/li><\/ul><\/div>\n\t\t\t\t<\/div>\n\t\t\t\t\t\t\t\t<\/div>\n\t\t\t\t\t\t<\/div>\n\t\t\t\t<\/div>\n\t\t\t\t<div class=\"elementor-element elementor-element-8828682 elementor-widget elementor-widget-toggle\" data-id=\"8828682\" data-element_type=\"widget\" data-e-type=\"widget\" data-widget_type=\"toggle.default\">\n\t\t\t\t<div class=\"elementor-widget-container\">\n\t\t\t\t\t\t\t<div class=\"elementor-toggle\">\n\t\t\t\t\t\t\t<div class=\"elementor-toggle-item\">\n\t\t\t\t\t<div id=\"elementor-tab-title-1421\" class=\"elementor-tab-title\" data-tab=\"1\" role=\"button\" aria-controls=\"elementor-tab-content-1421\" aria-expanded=\"false\">\n\t\t\t\t\t\t\t\t\t\t\t\t<span class=\"elementor-toggle-icon elementor-toggle-icon-left\" aria-hidden=\"true\">\n\t\t\t\t\t\t\t\t\t\t\t\t\t\t\t<span class=\"elementor-toggle-icon-closed\"><svg xmlns=\"http:\/\/www.w3.org\/2000\/svg\" width=\"44\" height=\"31\" viewBox=\"0 0 44 31\" fill=\"none\"><path d=\"M37.1199 21.2197C37.1199 25.3797 39.81 28.8997 43.54 30.1697H30.7C34.43 28.8997 37.1199 25.3797 37.1199 21.2197Z\" fill=\"#58595B\"><\/path><path d=\"M20.54 1L1 9.94L20.54 18.78L41 9.89L20.54 1Z\" stroke=\"#E83F4B\" stroke-linecap=\"round\" stroke-linejoin=\"round\"><\/path><path d=\"M33.0699 13.34V23.03C33.0699 26.78 30.0299 29.82 26.2799 29.82H15.1999C11.4499 29.82 8.40991 26.78 8.40991 23.03V13.29\" stroke=\"#E83F4B\" stroke-linecap=\"round\" stroke-linejoin=\"round\"><\/path><path d=\"M20.74 9.89014L36.57 11.8201V18.5301\" stroke=\"#E83F4B\" stroke-linecap=\"round\" stroke-linejoin=\"round\"><\/path><\/svg><\/span>\n\t\t\t\t\t\t\t\t<span class=\"elementor-toggle-icon-opened\"><svg xmlns=\"http:\/\/www.w3.org\/2000\/svg\" width=\"44\" height=\"31\" viewBox=\"0 0 44 31\" fill=\"none\"><path d=\"M37.1199 21.2197C37.1199 25.3797 39.81 28.8997 43.54 30.1697H30.7C34.43 28.8997 37.1199 25.3797 37.1199 21.2197Z\" fill=\"#58595B\"><\/path><path d=\"M20.54 1L1 9.94L20.54 18.78L41 9.89L20.54 1Z\" stroke=\"#E83F4B\" stroke-linecap=\"round\" stroke-linejoin=\"round\"><\/path><path d=\"M33.0699 13.34V23.03C33.0699 26.78 30.0299 29.82 26.2799 29.82H15.1999C11.4499 29.82 8.40991 26.78 8.40991 23.03V13.29\" stroke=\"#E83F4B\" stroke-linecap=\"round\" stroke-linejoin=\"round\"><\/path><path d=\"M20.74 9.89014L36.57 11.8201V18.5301\" stroke=\"#E83F4B\" stroke-linecap=\"round\" stroke-linejoin=\"round\"><\/path><\/svg><\/span>\n\t\t\t\t\t\t\t\t\t\t\t\t\t<\/span>\n\t\t\t\t\t\t\t\t\t\t\t\t<a class=\"elementor-toggle-title\" tabindex=\"0\">Education<\/a>\n\t\t\t\t\t<\/div>\n\n\t\t\t\t\t<div id=\"elementor-tab-content-1421\" class=\"elementor-tab-content elementor-clearfix\" data-tab=\"1\" role=\"region\" aria-labelledby=\"elementor-tab-title-1421\"><ul><li><strong>Law Degree: <\/strong>Universidad Cat\u00f3lica Santiago de Guayaquil, Ecuador.<\/li><li><strong>Diploma: <\/strong>Universidad Esp\u00edritu Santo, \u00abReal Estate Law and Land Planning\u00bb.<\/li><\/ul><\/div>\n\t\t\t\t<\/div>\n\t\t\t\t\t\t\t\t<\/div>\n\t\t\t\t\t\t<\/div>\n\t\t\t\t<\/div>\n\t\t\t\t<div class=\"elementor-element elementor-element-577c3f1 elementor-widget elementor-widget-toggle\" data-id=\"577c3f1\" data-element_type=\"widget\" data-e-type=\"widget\" data-widget_type=\"toggle.default\">\n\t\t\t\t<div class=\"elementor-widget-container\">\n\t\t\t\t\t\t\t<div class=\"elementor-toggle\">\n\t\t\t\t\t\t\t<div class=\"elementor-toggle-item\">\n\t\t\t\t\t<div id=\"elementor-tab-title-9171\" class=\"elementor-tab-title\" data-tab=\"1\" role=\"button\" aria-controls=\"elementor-tab-content-9171\" aria-expanded=\"false\">\n\t\t\t\t\t\t\t\t\t\t\t\t<span class=\"elementor-toggle-icon elementor-toggle-icon-left\" aria-hidden=\"true\">\n\t\t\t\t\t\t\t\t\t\t\t\t\t\t\t<span class=\"elementor-toggle-icon-closed\"><svg xmlns=\"http:\/\/www.w3.org\/2000\/svg\" width=\"42\" height=\"35\" viewBox=\"0 0 42 35\" fill=\"none\"><path d=\"M10.2599 24.2773C10.2599 27.7804 12.7099 30.7396 16.1199 31.809H4.3999C7.8099 30.7396 10.2599 27.7804 10.2599 24.2773Z\" fill=\"#58595B\"><\/path><path d=\"M5.41 19.4374H3.31C2.03 19.4374 1 18.4786 1 17.3079V3.12952C1 1.95874 2.04 1 3.31 1H23.62C24.9 1 25.93 1.95874 25.93 3.12952V11.1406\" stroke=\"#E83F4B\" stroke-linecap=\"round\" stroke-linejoin=\"round\"><\/path><path d=\"M16.06 19.4375H10.21\" stroke=\"#E83F4B\" stroke-linecap=\"round\" stroke-linejoin=\"round\"><\/path><path d=\"M36.4101 29.5965H38.6901C39.9701 29.5965 41.0001 28.6378 41.0001 27.467V12.6341C41.0001 11.8136 40.2801 11.1499 39.3901 11.1499H17.5101C16.7101 11.1499 16.0601 11.7491 16.0601 12.4866V27.467C16.0601 28.647 17.1001 29.5965 18.3701 29.5965H31.4201\" stroke=\"#E83F4B\" stroke-linecap=\"round\" stroke-linejoin=\"round\"><\/path><path d=\"M5.40991 19.4468V22.4521C5.40991 23.0329 6.17991 23.3186 6.61991 22.9038L10.2099 19.4468\" stroke=\"#E83F4B\" stroke-linecap=\"round\" stroke-linejoin=\"round\"><\/path><path d=\"M36.4099 29.5962V32.9426C36.4099 33.5326 35.6199 33.8184 35.1899 33.3759L31.4199 29.5962\" stroke=\"#E83F4B\" stroke-linecap=\"round\" stroke-linejoin=\"round\"><\/path><path d=\"M8.22998 15.9341L13.24 5.87646L16.49 11.5367\" stroke=\"#E83F4B\" stroke-linecap=\"round\" stroke-linejoin=\"round\"><\/path><path d=\"M10.26 11.8687H16.06\" stroke=\"#E83F4B\" stroke-linecap=\"round\" stroke-linejoin=\"round\"><\/path><path d=\"M23.3899 18.2388H33.6799\" stroke=\"#E83F4B\" stroke-linecap=\"round\" stroke-linejoin=\"round\"><\/path><path d=\"M28.53 18.2391V15.3721\" stroke=\"#E83F4B\" stroke-linecap=\"round\" stroke-linejoin=\"round\"><\/path><path d=\"M23.73 25.3649C23.73 25.3649 31.04 25.9457 32.24 18.248\" stroke=\"#E83F4B\" stroke-linecap=\"round\" stroke-linejoin=\"round\"><\/path><path d=\"M25.9399 20.9307C25.9399 20.9307 27.3999 25.6414 33.6799 25.6414\" stroke=\"#E83F4B\" stroke-linecap=\"round\" stroke-linejoin=\"round\"><\/path><\/svg><\/span>\n\t\t\t\t\t\t\t\t<span class=\"elementor-toggle-icon-opened\"><svg xmlns=\"http:\/\/www.w3.org\/2000\/svg\" width=\"42\" height=\"35\" viewBox=\"0 0 42 35\" fill=\"none\"><path d=\"M10.2599 24.2773C10.2599 27.7804 12.7099 30.7396 16.1199 31.809H4.3999C7.8099 30.7396 10.2599 27.7804 10.2599 24.2773Z\" fill=\"#58595B\"><\/path><path d=\"M5.41 19.4374H3.31C2.03 19.4374 1 18.4786 1 17.3079V3.12952C1 1.95874 2.04 1 3.31 1H23.62C24.9 1 25.93 1.95874 25.93 3.12952V11.1406\" stroke=\"#E83F4B\" stroke-linecap=\"round\" stroke-linejoin=\"round\"><\/path><path d=\"M16.06 19.4375H10.21\" stroke=\"#E83F4B\" stroke-linecap=\"round\" stroke-linejoin=\"round\"><\/path><path d=\"M36.4101 29.5965H38.6901C39.9701 29.5965 41.0001 28.6378 41.0001 27.467V12.6341C41.0001 11.8136 40.2801 11.1499 39.3901 11.1499H17.5101C16.7101 11.1499 16.0601 11.7491 16.0601 12.4866V27.467C16.0601 28.647 17.1001 29.5965 18.3701 29.5965H31.4201\" stroke=\"#E83F4B\" stroke-linecap=\"round\" stroke-linejoin=\"round\"><\/path><path d=\"M5.40991 19.4468V22.4521C5.40991 23.0329 6.17991 23.3186 6.61991 22.9038L10.2099 19.4468\" stroke=\"#E83F4B\" stroke-linecap=\"round\" stroke-linejoin=\"round\"><\/path><path d=\"M36.4099 29.5962V32.9426C36.4099 33.5326 35.6199 33.8184 35.1899 33.3759L31.4199 29.5962\" stroke=\"#E83F4B\" stroke-linecap=\"round\" stroke-linejoin=\"round\"><\/path><path d=\"M8.22998 15.9341L13.24 5.87646L16.49 11.5367\" stroke=\"#E83F4B\" stroke-linecap=\"round\" stroke-linejoin=\"round\"><\/path><path d=\"M10.26 11.8687H16.06\" stroke=\"#E83F4B\" stroke-linecap=\"round\" stroke-linejoin=\"round\"><\/path><path d=\"M23.3899 18.2388H33.6799\" stroke=\"#E83F4B\" stroke-linecap=\"round\" stroke-linejoin=\"round\"><\/path><path d=\"M28.53 18.2391V15.3721\" stroke=\"#E83F4B\" stroke-linecap=\"round\" stroke-linejoin=\"round\"><\/path><path d=\"M23.73 25.3649C23.73 25.3649 31.04 25.9457 32.24 18.248\" stroke=\"#E83F4B\" stroke-linecap=\"round\" stroke-linejoin=\"round\"><\/path><path d=\"M25.9399 20.9307C25.9399 20.9307 27.3999 25.6414 33.6799 25.6414\" stroke=\"#E83F4B\" stroke-linecap=\"round\" stroke-linejoin=\"round\"><\/path><\/svg><\/span>\n\t\t\t\t\t\t\t\t\t\t\t\t\t<\/span>\n\t\t\t\t\t\t\t\t\t\t\t\t<a class=\"elementor-toggle-title\" tabindex=\"0\">Languages<\/a>\n\t\t\t\t\t<\/div>\n\n\t\t\t\t\t<div id=\"elementor-tab-content-9171\" class=\"elementor-tab-content elementor-clearfix\" data-tab=\"1\" role=\"region\" aria-labelledby=\"elementor-tab-title-9171\"><ul><li>Spanish<\/li><li>English<\/li><\/ul><\/div>\n\t\t\t\t<\/div>\n\t\t\t\t\t\t\t\t<\/div>\n\t\t\t\t\t\t<\/div>\n\t\t\t\t<\/div>\n\t\t\t\t<\/div>\n\t\t\t\t\t<\/div>\n\t\t\t\t<\/div>\n\t\t\t\t<\/div>\n\t\t","protected":false},"excerpt":{"rendered":"<p>Mar\u00eda Jos\u00e9 Ram\u00edrez ASSOCIATE Linkedin Envelope Hm-pdf1 Practice Areas: Corporate, Real Estate Mar\u00eda Jos\u00e9 is specialized in corporate and real estate law. Her years of experience in managing and advising companies and real estate transactions, has proven to have exceptional skills in providing legal advice to leading companies in Ecuador and has also been in-house [&hellip;]<\/p>\n","protected":false},"author":10,"featured_media":0,"parent":8763,"menu_order":0,"comment_status":"closed","ping_status":"closed","template":"elementor_header_footer","meta":{"footnotes":""},"class_list":["post-9009","page","type-page","status-publish","hentry"],"_links":{"self":[{"href":"https:\/\/bustamantefabara.com\/en\/wp-json\/wp\/v2\/pages\/9009","targetHints":{"allow":["GET"]}}],"collection":[{"href":"https:\/\/bustamantefabara.com\/en\/wp-json\/wp\/v2\/pages"}],"about":[{"href":"https:\/\/bustamantefabara.com\/en\/wp-json\/wp\/v2\/types\/page"}],"author":[{"embeddable":true,"href":"https:\/\/bustamantefabara.com\/en\/wp-json\/wp\/v2\/users\/10"}],"replies":[{"embeddable":true,"href":"https:\/\/bustamantefabara.com\/en\/wp-json\/wp\/v2\/comments?post=9009"}],"version-history":[{"count":16,"href":"https:\/\/bustamantefabara.com\/en\/wp-json\/wp\/v2\/pages\/9009\/revisions"}],"predecessor-version":[{"id":13753,"href":"https:\/\/bustamantefabara.com\/en\/wp-json\/wp\/v2\/pages\/9009\/revisions\/13753"}],"up":[{"embeddable":true,"href":"https:\/\/bustamantefabara.com\/en\/wp-json\/wp\/v2\/pages\/8763"}],"wp:attachment":[{"href":"https:\/\/bustamantefabara.com\/en\/wp-json\/wp\/v2\/media?parent=9009"}],"curies":[{"name":"wp","href":"https:\/\/api.w.org\/{rel}","templated":true}]}}